{"id":583,"date":"2022-01-05T12:39:33","date_gmt":"2022-01-05T12:39:33","guid":{"rendered":"http:\/\/musikverlag-hildner.de\/?page_id=583"},"modified":"2022-01-05T12:39:33","modified_gmt":"2022-01-05T12:39:33","slug":"hit-session-2-hard-stuff","status":"publish","type":"page","link":"https:\/\/musikverlag-hildner.de\/?page_id=583","title":{"rendered":"Hit Session 2 Hard Stuff"},"content":{"rendered":"\n<ul><li>Zubeh\u00f6r: <\/li><li>Gedruckte B\u00fccher: <\/li><li>Zubeh\u00f6r:  A5<\/li><li><a href=\"http:\/\/musikverlag-hildner.de\/wp-admin\/post.php?post=581&amp;action=edit\" data-type=\"URL\" data-id=\"http:\/\/musikverlag-hildner.de\/wp-admin\/post.php?post=581&amp;action=edit\">Inhalt<\/a>: <\/li><\/ul>\n\n\n\n<figure class=\"wp-block-image size-medium\"><img loading=\"lazy\" width=\"217\" height=\"300\" src=\"http:\/\/musikverlag-hildner.de\/wp-content\/uploads\/2022\/01\/Bildschirmfoto-2022-01-05-um-13.37.46-217x300.png\" alt=\"\" class=\"wp-image-584\" srcset=\"https:\/\/musikverlag-hildner.de\/wp-content\/uploads\/2022\/01\/Bildschirmfoto-2022-01-05-um-13.37.46-217x300.png 217w, https:\/\/musikverlag-hildner.de\/wp-content\/uploads\/2022\/01\/Bildschirmfoto-2022-01-05-um-13.37.46.png 450w\" sizes=\"(max-width: 217px) 100vw, 217px\" \/><\/figure>\n","protected":false},"excerpt":{"rendered":"<p>Zubeh\u00f6r: Gedruckte B\u00fccher: Zubeh\u00f6r: A5 Inhalt:<\/p>\n","protected":false},"author":1,"featured_media":0,"parent":0,"menu_order":0,"comment_status":"closed","ping_status":"closed","template":"","meta":[],"_links":{"self":[{"href":"https:\/\/musikverlag-hildner.de\/index.php?rest_route=\/wp\/v2\/pages\/583"}],"collection":[{"href":"https:\/\/musikverlag-hildner.de\/index.php?rest_route=\/wp\/v2\/pages"}],"about":[{"href":"https:\/\/musikverlag-hildner.de\/index.php?rest_route=\/wp\/v2\/types\/page"}],"author":[{"embeddable":true,"href":"https:\/\/musikverlag-hildner.de\/index.php?rest_route=\/wp\/v2\/users\/1"}],"replies":[{"embeddable":true,"href":"https:\/\/musikverlag-hildner.de\/index.php?rest_route=%2Fwp%2Fv2%2Fcomments&post=583"}],"version-history":[{"count":1,"href":"https:\/\/musikverlag-hildner.de\/index.php?rest_route=\/wp\/v2\/pages\/583\/revisions"}],"predecessor-version":[{"id":585,"href":"https:\/\/musikverlag-hildner.de\/index.php?rest_route=\/wp\/v2\/pages\/583\/revisions\/585"}],"wp:attachment":[{"href":"https:\/\/musikverlag-hildner.de\/index.php?rest_route=%2Fwp%2Fv2%2Fmedia&parent=583"}],"curies":[{"name":"wp","href":"https:\/\/api.w.org\/{rel}","templated":true}]}}