{"id":47,"date":"2022-01-03T08:14:52","date_gmt":"2022-01-03T08:14:52","guid":{"rendered":"http:\/\/musikverlag-hildner.de\/?page_id=47"},"modified":"2022-01-06T09:05:36","modified_gmt":"2022-01-06T09:05:36","slug":"about","status":"publish","type":"page","link":"https:\/\/musikverlag-hildner.de\/?page_id=47","title":{"rendered":"\u00dcber uns"},"content":{"rendered":"\n<p> Im Jahr 1988 gr\u00fcndete der Realschullehrer Gerhard Hildner aus Burgkunstadt, zusammen mit seiner Frau Monika einen kleinen Musikverlag, der schon bald zu den bekanntesten innerhalb Deutschlands geh\u00f6ren sollte. <\/p>\n\n\n\n<p>Gerhard Hildner der zusammen mit Freunden, Kollegen und Sch\u00fclern immer gerne singt und begeisterter Gitarrenspieler ist, sammelt und kategorisiert gerne Noten und Musikaufnahmen, um diese dann bei entsprechenden Gelegenheiten zu verwenden. <\/p>\n\n\n\n<p>Aus diesem Hobby ist ein Beruf geworden. Denn mit dem Erstlingswerk &#8220;Der Goldenen Liederschatz&#8221;, einem Textheft mit Akkorden, schuf Gerhard Hildner den Grundstein f\u00fcr einen Musikverlag, der zahlreiche Liederb\u00fccher, CDs, Playbacks und Midifiles heraus gebracht hat. <\/p>\n\n\n\n<p>Er ist zu einem, in den Bereichen Songs, Schlager, Oldies, Volks, Weihnachts- und Stimmungslieder, der bekanntesten deutschsprachigen Musikverlage aufgestiegen. <\/p>\n\n\n\n<p>\u00dcber 1 Million verkaufter Liederb\u00fccher, \u00fcber 1000 produzierte Midifiles und zahlreiche CD-Aufnahmen zum Kennenlernen oder als Playbacks geh\u00f6ren zur Erfolgsbilanz des Familienbetriebes. <\/p>\n\n\n\n<p>Seit einigen Jahren, hat sich der Hildner-Verlag dazu entschieden, nur noch Liederb\u00fccher zu machen, jedoch die Logistik im Hintergrund an einen gr\u00f6\u00dferen Verlag abzugeben. Seit Dezember 2021 hat man den Direkt-Verkauf komplett eingestellt und diesen Gesch\u00e4ftsbereich an Bosworth Music abgegeben. <\/p>\n\n\n\n<p>Gerhard Hildner bleibt jedoch weiterhin seinem Motto treu und arbeitet schon jetzt weiter an dem was er schon immer gerne gemacht hat: <\/p>\n\n\n\n<p>Er sammelt weiter f\u00fcr Sie liebe Fans unseres Verlages, tolle neue und alte Songs, und bringt diese zusammen mit seinem Gesch\u00e4ftspartner in gedruckter Form f\u00fcr Sie heraus. <\/p>\n\n\n\n<p>Diese ganze Erfolgsgeschichte liebe Musikfreunde, verdanken wir vor allem Ihnen, die uns stets unterst\u00fctzt haben durch Anregungen und W\u00fcnsche und auch konstruktive Kritik, wodurch wir immer weiter verbessern konnten.<\/p>\n\n\n\n<p>Wir haben uns deshalb entschlossen, Ihnen als Dank dieses Archiv zu widmen und stets aktuell zu halten. <\/p>\n\n\n\n<p>Wir sagen vielen Dank f\u00fcr die vielen sch\u00f6nen Jahre die wir zusammen mit Ihnen gehen durften und verbleiben <\/p>\n\n\n\n<p>mit herzlichen Gr\u00fc\u00dfen<\/p>\n\n\n\n<p><\/p>\n\n\n\n<p>Gerhard und Monika Hildner <\/p>\n\n\n\n<p>Musikverlag Hildner <\/p>\n","protected":false},"excerpt":{"rendered":"<p>Im Jahr 1988 gr\u00fcndete der Realschullehrer Gerhard Hildner aus Burgkunstadt, zusammen mit seiner Frau Monika einen kleinen Musikverlag, der schon bald zu den bekanntesten innerhalb Deutschlands geh\u00f6ren sollte. Gerhard Hildner der zusammen mit Freunden, Kollegen und Sch\u00fclern immer gerne singt und begeisterter Gitarrenspieler ist, sammelt und kategorisiert gerne Noten und Musikaufnahmen, um diese dann bei entsprechenden&#8230;<\/p>\n","protected":false},"author":1,"featured_media":44,"parent":0,"menu_order":0,"comment_status":"closed","ping_status":"closed","template":"","meta":[],"_links":{"self":[{"href":"https:\/\/musikverlag-hildner.de\/index.php?rest_route=\/wp\/v2\/pages\/47"}],"collection":[{"href":"https:\/\/musikverlag-hildner.de\/index.php?rest_route=\/wp\/v2\/pages"}],"about":[{"href":"https:\/\/musikverlag-hildner.de\/index.php?rest_route=\/wp\/v2\/types\/page"}],"author":[{"embeddable":true,"href":"https:\/\/musikverlag-hildner.de\/index.php?rest_route=\/wp\/v2\/users\/1"}],"replies":[{"embeddable":true,"href":"https:\/\/musikverlag-hildner.de\/index.php?rest_route=%2Fwp%2Fv2%2Fcomments&post=47"}],"version-history":[{"count":9,"href":"https:\/\/musikverlag-hildner.de\/index.php?rest_route=\/wp\/v2\/pages\/47\/revisions"}],"predecessor-version":[{"id":801,"href":"https:\/\/musikverlag-hildner.de\/index.php?rest_route=\/wp\/v2\/pages\/47\/revisions\/801"}],"wp:featuredmedia":[{"embeddable":true,"href":"https:\/\/musikverlag-hildner.de\/index.php?rest_route=\/wp\/v2\/media\/44"}],"wp:attachment":[{"href":"https:\/\/musikverlag-hildner.de\/index.php?rest_route=%2Fwp%2Fv2%2Fmedia&parent=47"}],"curies":[{"name":"wp","href":"https:\/\/api.w.org\/{rel}","templated":true}]}}